{"id":856,"date":"2025-06-05T01:08:49","date_gmt":"2025-06-04T22:08:49","guid":{"rendered":"https:\/\/hasanguven.com\/?post_type=product&#038;p=856"},"modified":"2025-06-05T01:08:49","modified_gmt":"2025-06-04T22:08:49","slug":"thrips-feromonu","status":"publish","type":"product","link":"https:\/\/www.agrilion.com.tr\/index.php\/urun\/thrips-feromonu\/","title":{"rendered":"Thrips Feromonu"},"content":{"rendered":"<p>Kullan\u0131ld\u0131\u011f\u0131 bitkiler: Tatl\u0131 biber, h\u0131yar gibi sebze t\u00fcrleri; g\u00fcl, krizantem gibi \u00e7i\u00e7ek t\u00fcrleri; \u00e7ilek ve ahududu gibi meyveler.<\/p>\n<p>Materyal: Kau\u00e7uk kaps\u00fcl<\/p>\n<p>Paket: Hava almaz al\u00fcminyum folyo i\u00e7inde paketlenmi\u015f<\/p>\n<p>Nakliye: 2-3 g\u00fcn i\u00e7inde ger\u00e7ekle\u015ftirilmeli<\/p>\n<p>Tarla \u00f6mr\u00fc: 4-6 hafta aras\u0131<\/p>\n<p>Raf \u00f6mr\u00fc: Buzdolab\u0131nda +4 \u00b0C\u2019de 2 y\u0131l<\/p>\n<p>Depolama: So\u011fuk, kuru alanlarda depolanmal\u0131<\/p>\n<p>Tavsiye edilen tuzak \u00e7e\u015fidi: Mavi yap\u0131\u015fkan tuzak ile kullan\u0131l\u0131r<\/p>\n<p>Kullan\u0131m \u015fekli: Bu feromon izleme ve kitle yakalama ama\u00e7l\u0131 kullan\u0131labilir<\/p>\n<p>\u0130zleme:<\/p>\n<p>-Mavi yap\u0131\u015fkan tuzak ile birlikte kullan\u0131l\u0131r.<\/p>\n<p>-Her tuzak i\u00e7ine 1 adetFrankliniella occidentalis feromon kaps\u00fcl\u00fc yerle\u015ftirilir.<\/p>\n<p>-Tuzak yo\u011funlu\u011fu: Dekara 2 adet feromonlu tuzak as\u0131l\u0131r.<\/p>\n<p>-Tuzaklar bitkilerin 10-15 cm yukar\u0131s\u0131nda kalacak \u015fekilde as\u0131l\u0131r, bitkiler b\u00fcy\u00fcd\u00fck\u00e7e tuzaklar yukar\u0131 kald\u0131r\u0131l\u0131r, hasada kadar devam eder.<\/p>\n<p>-Tuzaklar bitkilerin dikilmesi ile beraber as\u0131l\u0131r.<\/p>\n<p>-Tuzaklar ilk ergin yakalanana kadar g\u00fcnde, ilk ergin yakaland\u0131ktan sonra haftada bir kontrol edilir. Tuzaklar \u00fczerinde \u00e7ok fazla b\u00f6cek yap\u0131\u015fm\u0131\u015f ve yap\u0131\u015fkan alan azald\u0131 ise yenisi ile de\u011fi\u015ftirilir.<\/p>\n<p>Kitle yakalama:<\/p>\n<p>-Mavi yap\u0131\u015fkan tuzak ile birlikte kullan\u0131l\u0131r. \u0130zleme ama\u00e7l\u0131 as\u0131lan tuzaklarda ilk ergin tripsler saptand\u0131\u011f\u0131nda tuzak say\u0131s\u0131 artt\u0131r\u0131l\u0131r. Dekara 5 adet feromonlu tuzak as\u0131labilir.<\/p>\n","protected":false},"excerpt":{"rendered":"<p>Kullan\u0131ld\u0131\u011f\u0131 bitkiler: Tatl\u0131 biber, h\u0131yar gibi sebze t\u00fcrleri; g\u00fcl, krizantem gibi \u00e7i\u00e7ek t\u00fcrleri; \u00e7ilek ve ahududu gibi meyveler. Materyal: Kau\u00e7uk kaps\u00fcl Paket: Hava almaz al\u00fcminyum folyo i\u00e7inde paketlenmi\u015f Nakliye: 2-3 g\u00fcn i\u00e7inde ger\u00e7ekle\u015ftirilmeli Tarla \u00f6mr\u00fc: 4-6 hafta aras\u0131 Raf \u00f6mr\u00fc: Buzdolab\u0131nda +4 \u00b0C\u2019de 2 y\u0131l Depolama: So\u011fuk, kuru alanlarda depolanmal\u0131 Tavsiye edilen tuzak \u00e7e\u015fidi: Mavi [&hellip;]<\/p>\n","protected":false},"featured_media":857,"comment_status":"open","ping_status":"closed","template":"","meta":[],"product_brand":[],"product_cat":[27,17],"product_tag":[],"class_list":{"0":"post-856","1":"product","2":"type-product","3":"status-publish","4":"has-post-thumbnail","6":"product_cat-yapiskan-tuzaklar-ve-feromonlar","7":"product_cat-urunlerimiz","9":"first","10":"instock","11":"shipping-taxable","12":"product-type-simple"},"_links":{"self":[{"href":"https:\/\/www.agrilion.com.tr\/index.php\/wp-json\/wp\/v2\/product\/856","targetHints":{"allow":["GET"]}}],"collection":[{"href":"https:\/\/www.agrilion.com.tr\/index.php\/wp-json\/wp\/v2\/product"}],"about":[{"href":"https:\/\/www.agrilion.com.tr\/index.php\/wp-json\/wp\/v2\/types\/product"}],"replies":[{"embeddable":true,"href":"https:\/\/www.agrilion.com.tr\/index.php\/wp-json\/wp\/v2\/comments?post=856"}],"wp:featuredmedia":[{"embeddable":true,"href":"https:\/\/www.agrilion.com.tr\/index.php\/wp-json\/wp\/v2\/media\/857"}],"wp:attachment":[{"href":"https:\/\/www.agrilion.com.tr\/index.php\/wp-json\/wp\/v2\/media?parent=856"}],"wp:term":[{"taxonomy":"product_brand","embeddable":true,"href":"https:\/\/www.agrilion.com.tr\/index.php\/wp-json\/wp\/v2\/product_brand?post=856"},{"taxonomy":"product_cat","embeddable":true,"href":"https:\/\/www.agrilion.com.tr\/index.php\/wp-json\/wp\/v2\/product_cat?post=856"},{"taxonomy":"product_tag","embeddable":true,"href":"https:\/\/www.agrilion.com.tr\/index.php\/wp-json\/wp\/v2\/product_tag?post=856"}],"curies":[{"name":"wp","href":"https:\/\/api.w.org\/{rel}","templated":true}]}}