{"id":854,"date":"2025-06-05T01:06:52","date_gmt":"2025-06-04T22:06:52","guid":{"rendered":"https:\/\/hasanguven.com\/?post_type=product&#038;p=854"},"modified":"2025-06-05T01:06:52","modified_gmt":"2025-06-04T22:06:52","slug":"tuta-absoluta-feromonu","status":"publish","type":"product","link":"https:\/\/www.agrilion.com.tr\/index.php\/urun\/tuta-absoluta-feromonu\/","title":{"rendered":"Tuta Absoluta Feromonu"},"content":{"rendered":"<p>Kullan\u0131ld\u0131\u011f\u0131 bitkiler: Domates, patates.<\/p>\n<p>Materyal: Kau\u00e7uk kaps\u00fcl<\/p>\n<p>Paket: Hava almaz al\u00fcminyum folyo i\u00e7inde paketlenmi\u015f<\/p>\n<p>Nakliye: 2-3 g\u00fcn i\u00e7inde ger\u00e7ekle\u015ftirilmeli<\/p>\n<p>Tarla \u00f6mr\u00fc: 4-6 hafta aras\u0131<\/p>\n<p>Raf \u00f6mr\u00fc: Buzdolab\u0131nda +4 \u00b0C\u2019de 2 y\u0131l<\/p>\n<p>Depolama: So\u011fuk, kuru alanlarda depolanmal\u0131<\/p>\n<p>Tavsiye edilen tuzak \u00e7e\u015fidi: Delta tuzak, funnel tuzak, su tuza\u011f\u0131, siyah yap\u0131\u015fkan kart tuza\u011f\u0131<\/p>\n<p>Kullan\u0131m \u015fekli: Bu feromon izleme ve kitle yakalama ama\u00e7l\u0131 kullan\u0131labilir<\/p>\n<p>\u0130zleme:<\/p>\n<p>-Delta tuzak, funnel tuzak, su tuza\u011f\u0131, siyah yap\u0131\u015fkan kart tuza\u011f\u0131 kullan\u0131l\u0131r.<\/p>\n<p>-Her tuzak i\u00e7ine 1 adetTuta absoluta feromon kaps\u00fcl\u00fc yerle\u015ftirilir.<\/p>\n<p>-Tuzak yo\u011funlu\u011fu: Hektara 2-4 tuzak as\u0131l\u0131r. Tercihen tuzaklardan biri \u00fcretim alan\u0131n\u0131n merkezine, di\u011feri \u00fcretim alan\u0131n\u0131n s\u0131n\u0131r k\u0131s\u0131mlar\u0131ndan bir yere as\u0131labilir. Seralarda 500 m2\u2019ye 1 tuzak as\u0131lmal\u0131. Bir seraya en az 1 tuzak as\u0131lmal\u0131.<\/p>\n<p>-Tuzaklar \u00fcretim sezonunun ba\u015f\u0131nda veya dikimle birlikte as\u0131lmal\u0131\/ yerle\u015ftirilmeli. Tuzaklar yere veya d\u00fc\u015f\u00fck y\u00fckseklikte (20-60 cm) yerle\u015ftirilmeli. Delta tuza<\/p>\n","protected":false},"excerpt":{"rendered":"<p>Kullan\u0131ld\u0131\u011f\u0131 bitkiler: Domates, patates. Materyal: Kau\u00e7uk kaps\u00fcl Paket: Hava almaz al\u00fcminyum folyo i\u00e7inde paketlenmi\u015f Nakliye: 2-3 g\u00fcn i\u00e7inde ger\u00e7ekle\u015ftirilmeli Tarla \u00f6mr\u00fc: 4-6 hafta aras\u0131 Raf \u00f6mr\u00fc: Buzdolab\u0131nda +4 \u00b0C\u2019de 2 y\u0131l Depolama: So\u011fuk, kuru alanlarda depolanmal\u0131 Tavsiye edilen tuzak \u00e7e\u015fidi: Delta tuzak, funnel tuzak, su tuza\u011f\u0131, siyah yap\u0131\u015fkan kart tuza\u011f\u0131 Kullan\u0131m \u015fekli: Bu feromon izleme [&hellip;]<\/p>\n","protected":false},"featured_media":855,"comment_status":"open","ping_status":"closed","template":"","meta":[],"product_brand":[],"product_cat":[27,17],"product_tag":[],"class_list":{"0":"post-854","1":"product","2":"type-product","3":"status-publish","4":"has-post-thumbnail","6":"product_cat-yapiskan-tuzaklar-ve-feromonlar","7":"product_cat-urunlerimiz","9":"first","10":"instock","11":"shipping-taxable","12":"product-type-simple"},"_links":{"self":[{"href":"https:\/\/www.agrilion.com.tr\/index.php\/wp-json\/wp\/v2\/product\/854","targetHints":{"allow":["GET"]}}],"collection":[{"href":"https:\/\/www.agrilion.com.tr\/index.php\/wp-json\/wp\/v2\/product"}],"about":[{"href":"https:\/\/www.agrilion.com.tr\/index.php\/wp-json\/wp\/v2\/types\/product"}],"replies":[{"embeddable":true,"href":"https:\/\/www.agrilion.com.tr\/index.php\/wp-json\/wp\/v2\/comments?post=854"}],"wp:featuredmedia":[{"embeddable":true,"href":"https:\/\/www.agrilion.com.tr\/index.php\/wp-json\/wp\/v2\/media\/855"}],"wp:attachment":[{"href":"https:\/\/www.agrilion.com.tr\/index.php\/wp-json\/wp\/v2\/media?parent=854"}],"wp:term":[{"taxonomy":"product_brand","embeddable":true,"href":"https:\/\/www.agrilion.com.tr\/index.php\/wp-json\/wp\/v2\/product_brand?post=854"},{"taxonomy":"product_cat","embeddable":true,"href":"https:\/\/www.agrilion.com.tr\/index.php\/wp-json\/wp\/v2\/product_cat?post=854"},{"taxonomy":"product_tag","embeddable":true,"href":"https:\/\/www.agrilion.com.tr\/index.php\/wp-json\/wp\/v2\/product_tag?post=854"}],"curies":[{"name":"wp","href":"https:\/\/api.w.org\/{rel}","templated":true}]}}