{"id":724,"date":"2025-06-04T05:35:55","date_gmt":"2025-06-04T02:35:55","guid":{"rendered":"https:\/\/hasanguven.com\/?post_type=product&#038;p=724"},"modified":"2025-06-04T05:35:55","modified_gmt":"2025-06-04T02:35:55","slug":"mcphail-feromon-tuzagi","status":"publish","type":"product","link":"https:\/\/www.agrilion.com.tr\/index.php\/urun\/mcphail-feromon-tuzagi\/","title":{"rendered":"Mcphail Feromon Tuza\u011f\u0131"},"content":{"rendered":"<p>Mcphail tipi tuzaklar, tuza\u011f\u0131n alt\u0131ndan<br \/>\ngirmeyi tercih eden b\u00f6cekleri yakalamak<br \/>\ni\u00e7in \u00f6zel olarak tasarlanm\u0131\u015f ters huni<br \/>\n\u015feklindedir. B\u00f6cek tuza\u011f\u0131n alt\u0131na<br \/>\ngeldi\u011finde, feromona do\u011fru u\u00e7acak ve<br \/>\ndaha sonra tuza\u011fa d\u00fc\u015fecektir. \u00c7\u00fcnk\u00fc<br \/>\nb\u00f6cek geri u\u00e7amayacak, tuzaktan<br \/>\nka\u00e7amayacakt\u0131r. \u00d6ld\u00fcr\u00fcc\u00fc olarak<br \/>\nkullan\u0131lan su, bitkisel ya\u011f ve deterjan ile<br \/>\nkullan\u0131l\u0131r. S\u0131v\u0131 yem kullan\u0131l\u0131yorsa, tuza\u011fa<br \/>\ndeterjan eklenmesine gerek yoktur.<br \/>\nD\u00fczenli olarak temizlenmelidir.<br \/>\n\u00d6L\u00c7\u00dcLER: 16cm x 22cm (\u00c7ap x Y\u00fckseklik)<br \/>\nA\u011eIRLIK: 240 gr (Yap\u0131\u015fan kart dahil)<\/p>\n","protected":false},"excerpt":{"rendered":"<p>Mcphail tipi tuzaklar, tuza\u011f\u0131n alt\u0131ndan girmeyi tercih eden b\u00f6cekleri yakalamak i\u00e7in \u00f6zel olarak tasarlanm\u0131\u015f ters huni \u015feklindedir. B\u00f6cek tuza\u011f\u0131n alt\u0131na geldi\u011finde, feromona do\u011fru u\u00e7acak ve daha sonra tuza\u011fa d\u00fc\u015fecektir. \u00c7\u00fcnk\u00fc b\u00f6cek geri u\u00e7amayacak, tuzaktan ka\u00e7amayacakt\u0131r. \u00d6ld\u00fcr\u00fcc\u00fc olarak kullan\u0131lan su, bitkisel ya\u011f ve deterjan ile kullan\u0131l\u0131r. S\u0131v\u0131 yem kullan\u0131l\u0131yorsa, tuza\u011fa deterjan eklenmesine gerek yoktur. D\u00fczenli olarak [&hellip;]<\/p>\n","protected":false},"featured_media":725,"comment_status":"open","ping_status":"closed","template":"","meta":[],"product_brand":[],"product_cat":[27,17],"product_tag":[],"class_list":{"0":"post-724","1":"product","2":"type-product","3":"status-publish","4":"has-post-thumbnail","6":"product_cat-yapiskan-tuzaklar-ve-feromonlar","7":"product_cat-urunlerimiz","9":"first","10":"instock","11":"shipping-taxable","12":"product-type-simple"},"_links":{"self":[{"href":"https:\/\/www.agrilion.com.tr\/index.php\/wp-json\/wp\/v2\/product\/724","targetHints":{"allow":["GET"]}}],"collection":[{"href":"https:\/\/www.agrilion.com.tr\/index.php\/wp-json\/wp\/v2\/product"}],"about":[{"href":"https:\/\/www.agrilion.com.tr\/index.php\/wp-json\/wp\/v2\/types\/product"}],"replies":[{"embeddable":true,"href":"https:\/\/www.agrilion.com.tr\/index.php\/wp-json\/wp\/v2\/comments?post=724"}],"wp:featuredmedia":[{"embeddable":true,"href":"https:\/\/www.agrilion.com.tr\/index.php\/wp-json\/wp\/v2\/media\/725"}],"wp:attachment":[{"href":"https:\/\/www.agrilion.com.tr\/index.php\/wp-json\/wp\/v2\/media?parent=724"}],"wp:term":[{"taxonomy":"product_brand","embeddable":true,"href":"https:\/\/www.agrilion.com.tr\/index.php\/wp-json\/wp\/v2\/product_brand?post=724"},{"taxonomy":"product_cat","embeddable":true,"href":"https:\/\/www.agrilion.com.tr\/index.php\/wp-json\/wp\/v2\/product_cat?post=724"},{"taxonomy":"product_tag","embeddable":true,"href":"https:\/\/www.agrilion.com.tr\/index.php\/wp-json\/wp\/v2\/product_tag?post=724"}],"curies":[{"name":"wp","href":"https:\/\/api.w.org\/{rel}","templated":true}]}}