{"id":713,"date":"2025-06-04T05:27:35","date_gmt":"2025-06-04T02:27:35","guid":{"rendered":"https:\/\/hasanguven.com\/?post_type=product&#038;p=713"},"modified":"2025-06-05T01:03:41","modified_gmt":"2025-06-04T22:03:41","slug":"yapiskan-rulo-tuzaklar","status":"publish","type":"product","link":"https:\/\/www.agrilion.com.tr\/index.php\/urun\/yapiskan-rulo-tuzaklar\/","title":{"rendered":"Yap\u0131\u015fkan Rulo Tuzaklar"},"content":{"rendered":"<p>Rulo kart \u00fczerindeki yap\u0131\u015fkan renksiz, kokusuz, a\u00e7\u0131k havada kurumaz \u00f6zelliktedir.<\/p>\n<p>Zehirli bir madde i\u00e7ermez.<\/p>\n<p>Tuzaklar zararl\u0131 b\u00f6cek feromonlar\u0131 ile kombine edilebilir.<\/p>\n<p><b>Ebatlar:\u00a0<\/b><\/p>\n<p>Rulo: 15 cm x 100 m<\/p>\n<p>Rulo: 30 cm x 100 m<\/p>\n<p><b>Renk:<\/b><\/p>\n<p>Sar\u0131, mavi ve siyah.<\/p>\n<p><b>Kullan\u0131m<\/b><\/p>\n<p>Zararl\u0131 yo\u011funlu\u011funa ba\u011fl\u0131 olarak k\u00fc\u00e7\u00fck veya b\u00fcy\u00fck rulo tuzaklar se\u00e7ilebilir.<\/p>\n<p>Asmadan \u00f6nce, rulo tuzaklar\u0131n en az oda s\u0131cakl\u0131\u011f\u0131nda tutulmal\u0131. B\u00f6ylelikle yap\u0131\u015fkan tutkal yumu\u015fayacak ve tuzaklar daha kolay a\u00e7\u0131lacakt\u0131r.<\/p>\n<p>Seran\u0131n yan havaland\u0131rma a\u00e7\u0131kl\u0131klar\u0131na gelecek \u015fekilde, a\u00e7\u0131kl\u0131k boyunca seran\u0131n i\u00e7 k\u0131sm\u0131nda kenar direklere tutturulur. Ama\u00e7, zararl\u0131y\u0131 seraya ilk giri\u015finde yakalamakt\u0131r. Ayr\u0131ca sera i\u00e7indeki direkler aras\u0131nda gergin bir \u015fekilde tutturularak yeteri kadar rulo tuza\u011f\u0131n sera i\u00e7inde e\u015fit par\u00e7alar halinde da\u011f\u0131l\u0131m\u0131 yap\u0131l\u0131r.<\/p>\n<p>Seralarda en uygun asma zaman\u0131 fidelerin dikimini takiben yap\u0131lmal\u0131d\u0131r. Tuzaklar \u00fczerinde \u00e7ok fazla b\u00f6cek yap\u0131\u015fm\u0131\u015f ve yap\u0131\u015fkan alan azald\u0131 ise yenisi ile de\u011fi\u015ftirilir. Kontroller \u00fcretim sezonu boyunca yap\u0131l\u0131r.<\/p>\n<p>Tarla veya bah\u00e7e uygulamalar\u0131nda belli aral\u0131klarla dikilen direkler aras\u0131na gerilerek as\u0131labilir.<\/p>\n<p><b>Kullan\u0131lacak Miktar<\/b><\/p>\n<p>Kitle yakalama ama\u00e7l\u0131 kullan\u0131l\u0131r.<\/p>\n<p>Sera i\u00e7in 1.000 m<sup>2<\/sup>\u2019ye 150 metre.<\/p>\n<p><b>Hedef<\/b><\/p>\n<p>Sar\u0131 renk: Beyaz sinekler, yaprak galeri sinekleri, afitler, meyve sinekleri<\/p>\n<p>Mavi renk: Tripsler<\/p>\n<p>Siyah renk:<i>Tuta absoluta<\/i>\u00a0(Domates g\u00fcvesi)<\/p>\n","protected":false},"excerpt":{"rendered":"<p>Rulo kart \u00fczerindeki yap\u0131\u015fkan renksiz, kokusuz, a\u00e7\u0131k havada kurumaz \u00f6zelliktedir. Zehirli bir madde i\u00e7ermez. Tuzaklar zararl\u0131 b\u00f6cek feromonlar\u0131 ile kombine edilebilir. Ebatlar:\u00a0 Rulo: 15 cm x 100 m Rulo: 30 cm x 100 m Renk: Sar\u0131, mavi ve siyah. Kullan\u0131m Zararl\u0131 yo\u011funlu\u011funa ba\u011fl\u0131 olarak k\u00fc\u00e7\u00fck veya b\u00fcy\u00fck rulo tuzaklar se\u00e7ilebilir. Asmadan \u00f6nce, rulo tuzaklar\u0131n en [&hellip;]<\/p>\n","protected":false},"featured_media":714,"comment_status":"open","ping_status":"closed","template":"","meta":[],"product_brand":[],"product_cat":[27,17],"product_tag":[],"class_list":{"0":"post-713","1":"product","2":"type-product","3":"status-publish","4":"has-post-thumbnail","6":"product_cat-yapiskan-tuzaklar-ve-feromonlar","7":"product_cat-urunlerimiz","9":"first","10":"instock","11":"shipping-taxable","12":"product-type-simple"},"_links":{"self":[{"href":"https:\/\/www.agrilion.com.tr\/index.php\/wp-json\/wp\/v2\/product\/713","targetHints":{"allow":["GET"]}}],"collection":[{"href":"https:\/\/www.agrilion.com.tr\/index.php\/wp-json\/wp\/v2\/product"}],"about":[{"href":"https:\/\/www.agrilion.com.tr\/index.php\/wp-json\/wp\/v2\/types\/product"}],"replies":[{"embeddable":true,"href":"https:\/\/www.agrilion.com.tr\/index.php\/wp-json\/wp\/v2\/comments?post=713"}],"wp:featuredmedia":[{"embeddable":true,"href":"https:\/\/www.agrilion.com.tr\/index.php\/wp-json\/wp\/v2\/media\/714"}],"wp:attachment":[{"href":"https:\/\/www.agrilion.com.tr\/index.php\/wp-json\/wp\/v2\/media?parent=713"}],"wp:term":[{"taxonomy":"product_brand","embeddable":true,"href":"https:\/\/www.agrilion.com.tr\/index.php\/wp-json\/wp\/v2\/product_brand?post=713"},{"taxonomy":"product_cat","embeddable":true,"href":"https:\/\/www.agrilion.com.tr\/index.php\/wp-json\/wp\/v2\/product_cat?post=713"},{"taxonomy":"product_tag","embeddable":true,"href":"https:\/\/www.agrilion.com.tr\/index.php\/wp-json\/wp\/v2\/product_tag?post=713"}],"curies":[{"name":"wp","href":"https:\/\/api.w.org\/{rel}","templated":true}]}}