{"id":665,"date":"2025-06-04T04:53:23","date_gmt":"2025-06-04T01:53:23","guid":{"rendered":"https:\/\/hasanguven.com\/?post_type=product&#038;p=665"},"modified":"2025-06-05T12:05:58","modified_gmt":"2025-06-05T09:05:58","slug":"cicek-isaretleyicisi","status":"publish","type":"product","link":"https:\/\/www.agrilion.com.tr\/index.php\/urun\/cicek-isaretleyicisi\/","title":{"rendered":"\u00c7i\u00e7ek \u0130\u015faretleyicisi"},"content":{"rendered":"<p>Polinasyon i\u015flemi yap\u0131lan \u00e7i\u00e7e\u011fe i\u015faret koyman\u0131za<br \/>\nyarayan ve de\u011fi\u015fik renk se\u00e7enekleriyle ayn\u0131<br \/>\nbitki \u00fczerinde farkl\u0131 \u00e7i\u00e7eklerde farkl\u0131 bitkilere<br \/>\nait polenler ile polinasyon yapman\u0131za kolayl\u0131k<br \/>\nsa\u011flayacak \u00fcr\u00fcnd\u00fcr.<\/p>\n","protected":false},"excerpt":{"rendered":"<p>Polinasyon i\u015flemi yap\u0131lan \u00e7i\u00e7e\u011fe i\u015faret koyman\u0131za yarayan ve de\u011fi\u015fik renk se\u00e7enekleriyle ayn\u0131 bitki \u00fczerinde farkl\u0131 \u00e7i\u00e7eklerde farkl\u0131 bitkilere ait polenler ile polinasyon yapman\u0131za kolayl\u0131k sa\u011flayacak \u00fcr\u00fcnd\u00fcr.<\/p>\n","protected":false},"featured_media":667,"comment_status":"open","ping_status":"closed","template":"","meta":[],"product_brand":[],"product_cat":[34,17],"product_tag":[],"class_list":{"0":"post-665","1":"product","2":"type-product","3":"status-publish","4":"has-post-thumbnail","6":"product_cat-fide-etiketi","7":"product_cat-urunlerimiz","9":"first","10":"instock","11":"shipping-taxable","12":"product-type-simple"},"_links":{"self":[{"href":"https:\/\/www.agrilion.com.tr\/index.php\/wp-json\/wp\/v2\/product\/665","targetHints":{"allow":["GET"]}}],"collection":[{"href":"https:\/\/www.agrilion.com.tr\/index.php\/wp-json\/wp\/v2\/product"}],"about":[{"href":"https:\/\/www.agrilion.com.tr\/index.php\/wp-json\/wp\/v2\/types\/product"}],"replies":[{"embeddable":true,"href":"https:\/\/www.agrilion.com.tr\/index.php\/wp-json\/wp\/v2\/comments?post=665"}],"wp:featuredmedia":[{"embeddable":true,"href":"https:\/\/www.agrilion.com.tr\/index.php\/wp-json\/wp\/v2\/media\/667"}],"wp:attachment":[{"href":"https:\/\/www.agrilion.com.tr\/index.php\/wp-json\/wp\/v2\/media?parent=665"}],"wp:term":[{"taxonomy":"product_brand","embeddable":true,"href":"https:\/\/www.agrilion.com.tr\/index.php\/wp-json\/wp\/v2\/product_brand?post=665"},{"taxonomy":"product_cat","embeddable":true,"href":"https:\/\/www.agrilion.com.tr\/index.php\/wp-json\/wp\/v2\/product_cat?post=665"},{"taxonomy":"product_tag","embeddable":true,"href":"https:\/\/www.agrilion.com.tr\/index.php\/wp-json\/wp\/v2\/product_tag?post=665"}],"curies":[{"name":"wp","href":"https:\/\/api.w.org\/{rel}","templated":true}]}}