{"id":663,"date":"2025-06-04T04:40:36","date_gmt":"2025-06-04T01:40:36","guid":{"rendered":"https:\/\/hasanguven.com\/?post_type=product&#038;p=663"},"modified":"2025-06-04T23:48:40","modified_gmt":"2025-06-04T20:48:40","slug":"govde-kancasi","status":"publish","type":"product","link":"https:\/\/www.agrilion.com.tr\/index.php\/urun\/govde-kancasi\/","title":{"rendered":"G\u00f6vde Kancas\u0131"},"content":{"rendered":"<p>Tek ana g\u00f6vdeden birlikte y\u00fckselen bitkileri bir<br \/>\narada tutarak ayr\u0131lmalar\u0131n\u0131 engelleyen &#8221;g\u00f6vde<br \/>\nkancas\u0131&#8221; ayn\u0131 zaman da yere do\u011fru sarkma<br \/>\nyapan salk\u0131mlar\u0131n kald\u0131r\u0131lmas\u0131n da kullan\u0131larak<br \/>\nbitkilerinizi korumak amac\u0131yla \u00fcretilmi\u015ftir<\/p>\n","protected":false},"excerpt":{"rendered":"<p>Tek ana g\u00f6vdeden birlikte y\u00fckselen bitkileri bir arada tutarak ayr\u0131lmalar\u0131n\u0131 engelleyen &#8221;g\u00f6vde kancas\u0131&#8221; ayn\u0131 zaman da yere do\u011fru sarkma yapan salk\u0131mlar\u0131n kald\u0131r\u0131lmas\u0131n da kullan\u0131larak bitkilerinizi korumak amac\u0131yla \u00fcretilmi\u015ftir<\/p>\n","protected":false},"featured_media":664,"comment_status":"open","ping_status":"closed","template":"","meta":[],"product_brand":[],"product_cat":[26,17],"product_tag":[],"class_list":{"0":"post-663","1":"product","2":"type-product","3":"status-publish","4":"has-post-thumbnail","6":"product_cat-salkim-destek-urunleri","7":"product_cat-urunlerimiz","9":"first","10":"instock","11":"shipping-taxable","12":"product-type-simple"},"_links":{"self":[{"href":"https:\/\/www.agrilion.com.tr\/index.php\/wp-json\/wp\/v2\/product\/663","targetHints":{"allow":["GET"]}}],"collection":[{"href":"https:\/\/www.agrilion.com.tr\/index.php\/wp-json\/wp\/v2\/product"}],"about":[{"href":"https:\/\/www.agrilion.com.tr\/index.php\/wp-json\/wp\/v2\/types\/product"}],"replies":[{"embeddable":true,"href":"https:\/\/www.agrilion.com.tr\/index.php\/wp-json\/wp\/v2\/comments?post=663"}],"wp:featuredmedia":[{"embeddable":true,"href":"https:\/\/www.agrilion.com.tr\/index.php\/wp-json\/wp\/v2\/media\/664"}],"wp:attachment":[{"href":"https:\/\/www.agrilion.com.tr\/index.php\/wp-json\/wp\/v2\/media?parent=663"}],"wp:term":[{"taxonomy":"product_brand","embeddable":true,"href":"https:\/\/www.agrilion.com.tr\/index.php\/wp-json\/wp\/v2\/product_brand?post=663"},{"taxonomy":"product_cat","embeddable":true,"href":"https:\/\/www.agrilion.com.tr\/index.php\/wp-json\/wp\/v2\/product_cat?post=663"},{"taxonomy":"product_tag","embeddable":true,"href":"https:\/\/www.agrilion.com.tr\/index.php\/wp-json\/wp\/v2\/product_tag?post=663"}],"curies":[{"name":"wp","href":"https:\/\/api.w.org\/{rel}","templated":true}]}}