{"id":657,"date":"2025-06-04T04:36:23","date_gmt":"2025-06-04T01:36:23","guid":{"rendered":"https:\/\/hasanguven.com\/?post_type=product&#038;p=657"},"modified":"2025-06-04T23:06:55","modified_gmt":"2025-06-04T20:06:55","slug":"tepe-dondurme","status":"publish","type":"product","link":"https:\/\/www.agrilion.com.tr\/index.php\/urun\/tepe-dondurme\/","title":{"rendered":"Tepe D\u00f6nd\u00fcrme"},"content":{"rendered":"<p>\u00d6zellikle salatal\u0131k bitkisi telleri i\u00e7in geli\u015ftirilen<br \/>\nbu kanca, sap\u0131n yukar\u0131 ve a\u015fa\u011f\u0131 do\u011fru b\u00fcy\u00fcrken<br \/>\nk\u0131r\u0131lmamas\u0131n\u0131 sa\u011flayarak, sap\u0131 telin \u00fczerine<br \/>\nyerle\u015ftirme ihtiyac\u0131n\u0131 ortadan kald\u0131r\u0131r.<br \/>\n\u2022 Kolay ve h\u0131zl\u0131 kurulum<br \/>\n\u2022 G\u00fcvenilir<br \/>\n\u2022 Ekipman ve i\u015f\u00e7ilikten tasarruf sa\u011flar: kurulum<br \/>\ni\u00e7in alet veya deneyim gerekmez<br \/>\n\u2022 Maliyet a\u00e7\u0131s\u0131ndan etkili: geli\u015ftirilmi\u015f \u00fcretkenlik,<br \/>\nazalt\u0131lm\u0131\u015f i\u015f\u00e7ilik maliyetleri<br \/>\n\u2022 Hasat\u0131 kolayla\u015ft\u0131r\u0131r<br \/>\n\u2022 Sap hasar\u0131n\u0131 \u00f6nler<br \/>\n\u2022 Dayan\u0131kl\u0131, UV korumas\u0131<br \/>\n\u2022 \u0130pin tel \u00fczerindeki s\u00fcrt\u00fcnmesini \u00f6nler<\/p>\n","protected":false},"excerpt":{"rendered":"<p>\u00d6zellikle salatal\u0131k bitkisi telleri i\u00e7in geli\u015ftirilen bu kanca, sap\u0131n yukar\u0131 ve a\u015fa\u011f\u0131 do\u011fru b\u00fcy\u00fcrken k\u0131r\u0131lmamas\u0131n\u0131 sa\u011flayarak, sap\u0131 telin \u00fczerine yerle\u015ftirme ihtiyac\u0131n\u0131 ortadan kald\u0131r\u0131r. \u2022 Kolay ve h\u0131zl\u0131 kurulum \u2022 G\u00fcvenilir \u2022 Ekipman ve i\u015f\u00e7ilikten tasarruf sa\u011flar: kurulum i\u00e7in alet veya deneyim gerekmez \u2022 Maliyet a\u00e7\u0131s\u0131ndan etkili: geli\u015ftirilmi\u015f \u00fcretkenlik, azalt\u0131lm\u0131\u015f i\u015f\u00e7ilik maliyetleri \u2022 Hasat\u0131 kolayla\u015ft\u0131r\u0131r \u2022 [&hellip;]<\/p>\n","protected":false},"featured_media":658,"comment_status":"open","ping_status":"closed","template":"","meta":[],"product_brand":[],"product_cat":[26,17],"product_tag":[],"class_list":{"0":"post-657","1":"product","2":"type-product","3":"status-publish","4":"has-post-thumbnail","6":"product_cat-salkim-destek-urunleri","7":"product_cat-urunlerimiz","9":"first","10":"instock","11":"shipping-taxable","12":"product-type-simple"},"_links":{"self":[{"href":"https:\/\/www.agrilion.com.tr\/index.php\/wp-json\/wp\/v2\/product\/657","targetHints":{"allow":["GET"]}}],"collection":[{"href":"https:\/\/www.agrilion.com.tr\/index.php\/wp-json\/wp\/v2\/product"}],"about":[{"href":"https:\/\/www.agrilion.com.tr\/index.php\/wp-json\/wp\/v2\/types\/product"}],"replies":[{"embeddable":true,"href":"https:\/\/www.agrilion.com.tr\/index.php\/wp-json\/wp\/v2\/comments?post=657"}],"wp:featuredmedia":[{"embeddable":true,"href":"https:\/\/www.agrilion.com.tr\/index.php\/wp-json\/wp\/v2\/media\/658"}],"wp:attachment":[{"href":"https:\/\/www.agrilion.com.tr\/index.php\/wp-json\/wp\/v2\/media?parent=657"}],"wp:term":[{"taxonomy":"product_brand","embeddable":true,"href":"https:\/\/www.agrilion.com.tr\/index.php\/wp-json\/wp\/v2\/product_brand?post=657"},{"taxonomy":"product_cat","embeddable":true,"href":"https:\/\/www.agrilion.com.tr\/index.php\/wp-json\/wp\/v2\/product_cat?post=657"},{"taxonomy":"product_tag","embeddable":true,"href":"https:\/\/www.agrilion.com.tr\/index.php\/wp-json\/wp\/v2\/product_tag?post=657"}],"curies":[{"name":"wp","href":"https:\/\/api.w.org\/{rel}","templated":true}]}}