{"id":649,"date":"2025-06-04T04:28:10","date_gmt":"2025-06-04T01:28:10","guid":{"rendered":"https:\/\/hasanguven.com\/?post_type=product&#038;p=649"},"modified":"2025-06-04T23:04:03","modified_gmt":"2025-06-04T20:04:03","slug":"asi-klipsi","status":"publish","type":"product","link":"https:\/\/www.agrilion.com.tr\/index.php\/urun\/asi-klipsi\/","title":{"rendered":"A\u015f\u0131 Klipsi"},"content":{"rendered":"<p>NCS 14 BORU KL\u0130PS\u0130: \u00c7AP: 1,4 mm<\/p>\n<p>NCS 17 BORU KL\u0130PS\u0130: \u00c7AP: 1,7 mm<\/p>\n<p>NCS 19 BORU KL\u0130PS\u0130: \u00c7AP: 1,9 mm<\/p>\n<p>NCS 21 BORU KL\u0130PS\u0130: \u00c7AP: 2,1 mm<\/p>\n<p>NCS 25 BORU KL\u0130PS\u0130: \u00c7AP: 2,5 mm<\/p>\n<p>NCS 28 BORU KL\u0130PS\u0130: \u00c7AP: 2,8 mm<\/p>\n<ul>\n<li>Ultra \u015feffaf, \u00fcst\u00fcn performans<\/li>\n<li>Sertlik 60\u00b15 shore<\/li>\n<li>W.T.C. sertifikal\u0131 ve g\u0131da uyumludur.<\/li>\n<\/ul>\n","protected":false},"excerpt":{"rendered":"<p>NCS 14 BORU KL\u0130PS\u0130: \u00c7AP: 1,4 mm NCS 17 BORU KL\u0130PS\u0130: \u00c7AP: 1,7 mm NCS 19 BORU KL\u0130PS\u0130: \u00c7AP: 1,9 mm NCS 21 BORU KL\u0130PS\u0130: \u00c7AP: 2,1 mm NCS 25 BORU KL\u0130PS\u0130: \u00c7AP: 2,5 mm NCS 28 BORU KL\u0130PS\u0130: \u00c7AP: 2,8 mm Ultra \u015feffaf, \u00fcst\u00fcn performans Sertlik 60\u00b15 shore W.T.C. sertifikal\u0131 ve g\u0131da uyumludur.<\/p>\n","protected":false},"featured_media":650,"comment_status":"open","ping_status":"closed","template":"","meta":[],"product_brand":[],"product_cat":[34,17],"product_tag":[],"class_list":{"0":"post-649","1":"product","2":"type-product","3":"status-publish","4":"has-post-thumbnail","6":"product_cat-fide-etiketi","7":"product_cat-urunlerimiz","9":"first","10":"instock","11":"shipping-taxable","12":"product-type-simple"},"_links":{"self":[{"href":"https:\/\/www.agrilion.com.tr\/index.php\/wp-json\/wp\/v2\/product\/649","targetHints":{"allow":["GET"]}}],"collection":[{"href":"https:\/\/www.agrilion.com.tr\/index.php\/wp-json\/wp\/v2\/product"}],"about":[{"href":"https:\/\/www.agrilion.com.tr\/index.php\/wp-json\/wp\/v2\/types\/product"}],"replies":[{"embeddable":true,"href":"https:\/\/www.agrilion.com.tr\/index.php\/wp-json\/wp\/v2\/comments?post=649"}],"wp:featuredmedia":[{"embeddable":true,"href":"https:\/\/www.agrilion.com.tr\/index.php\/wp-json\/wp\/v2\/media\/650"}],"wp:attachment":[{"href":"https:\/\/www.agrilion.com.tr\/index.php\/wp-json\/wp\/v2\/media?parent=649"}],"wp:term":[{"taxonomy":"product_brand","embeddable":true,"href":"https:\/\/www.agrilion.com.tr\/index.php\/wp-json\/wp\/v2\/product_brand?post=649"},{"taxonomy":"product_cat","embeddable":true,"href":"https:\/\/www.agrilion.com.tr\/index.php\/wp-json\/wp\/v2\/product_cat?post=649"},{"taxonomy":"product_tag","embeddable":true,"href":"https:\/\/www.agrilion.com.tr\/index.php\/wp-json\/wp\/v2\/product_tag?post=649"}],"curies":[{"name":"wp","href":"https:\/\/api.w.org\/{rel}","templated":true}]}}