{"id":635,"date":"2025-06-04T04:15:42","date_gmt":"2025-06-04T01:15:42","guid":{"rendered":"https:\/\/hasanguven.com\/?post_type=product&#038;p=635"},"modified":"2025-06-04T23:04:27","modified_gmt":"2025-06-04T20:04:27","slug":"mandal-klipsler","status":"publish","type":"product","link":"https:\/\/www.agrilion.com.tr\/index.php\/urun\/mandal-klipsler\/","title":{"rendered":"Mandal Klipsler"},"content":{"rendered":"<p class=\"p3\"><span class=\"s1\">\u00c7AP: 3,2 mm<\/span><\/p>\n<p class=\"p3\"><span class=\"s1\">Karpuz \u00fcretimi i\u00e7in<\/span><\/p>\n","protected":false},"excerpt":{"rendered":"<p>\u00c7AP: 3,2 mm Karpuz \u00fcretimi i\u00e7in<\/p>\n","protected":false},"featured_media":637,"comment_status":"open","ping_status":"closed","template":"","meta":[],"product_brand":[],"product_cat":[34,17],"product_tag":[],"class_list":{"0":"post-635","1":"product","2":"type-product","3":"status-publish","4":"has-post-thumbnail","6":"product_cat-fide-etiketi","7":"product_cat-urunlerimiz","9":"first","10":"instock","11":"shipping-taxable","12":"product-type-simple"},"_links":{"self":[{"href":"https:\/\/www.agrilion.com.tr\/index.php\/wp-json\/wp\/v2\/product\/635","targetHints":{"allow":["GET"]}}],"collection":[{"href":"https:\/\/www.agrilion.com.tr\/index.php\/wp-json\/wp\/v2\/product"}],"about":[{"href":"https:\/\/www.agrilion.com.tr\/index.php\/wp-json\/wp\/v2\/types\/product"}],"replies":[{"embeddable":true,"href":"https:\/\/www.agrilion.com.tr\/index.php\/wp-json\/wp\/v2\/comments?post=635"}],"wp:featuredmedia":[{"embeddable":true,"href":"https:\/\/www.agrilion.com.tr\/index.php\/wp-json\/wp\/v2\/media\/637"}],"wp:attachment":[{"href":"https:\/\/www.agrilion.com.tr\/index.php\/wp-json\/wp\/v2\/media?parent=635"}],"wp:term":[{"taxonomy":"product_brand","embeddable":true,"href":"https:\/\/www.agrilion.com.tr\/index.php\/wp-json\/wp\/v2\/product_brand?post=635"},{"taxonomy":"product_cat","embeddable":true,"href":"https:\/\/www.agrilion.com.tr\/index.php\/wp-json\/wp\/v2\/product_cat?post=635"},{"taxonomy":"product_tag","embeddable":true,"href":"https:\/\/www.agrilion.com.tr\/index.php\/wp-json\/wp\/v2\/product_tag?post=635"}],"curies":[{"name":"wp","href":"https:\/\/api.w.org\/{rel}","templated":true}]}}