{"id":629,"date":"2025-06-04T04:11:42","date_gmt":"2025-06-04T01:11:42","guid":{"rendered":"https:\/\/hasanguven.com\/?post_type=product&#038;p=629"},"modified":"2025-06-15T23:30:29","modified_gmt":"2025-06-15T20:30:29","slug":"plastik-domates-askisi","status":"publish","type":"product","link":"https:\/\/www.agrilion.com.tr\/index.php\/urun\/plastik-domates-askisi\/","title":{"rendered":"Plastik Domates Ask\u0131s\u0131"},"content":{"rendered":"<p>Plastik sera ask\u0131s\u0131 domates salatal\u0131k \u00fcretimi yap\u0131lan seralarda bitkiyi tele asmada kullan\u0131lmaktad\u0131r<\/p>\n","protected":false},"excerpt":{"rendered":"<p>Plastik sera ask\u0131s\u0131 domates salatal\u0131k \u00fcretimi yap\u0131lan seralarda bitkiyi tele asmada kullan\u0131lmaktad\u0131r<\/p>\n","protected":false},"featured_media":930,"comment_status":"open","ping_status":"closed","template":"","meta":[],"product_brand":[],"product_cat":[26,17],"product_tag":[],"class_list":{"0":"post-629","1":"product","2":"type-product","3":"status-publish","4":"has-post-thumbnail","6":"product_cat-salkim-destek-urunleri","7":"product_cat-urunlerimiz","9":"first","10":"instock","11":"shipping-taxable","12":"product-type-simple"},"_links":{"self":[{"href":"https:\/\/www.agrilion.com.tr\/index.php\/wp-json\/wp\/v2\/product\/629","targetHints":{"allow":["GET"]}}],"collection":[{"href":"https:\/\/www.agrilion.com.tr\/index.php\/wp-json\/wp\/v2\/product"}],"about":[{"href":"https:\/\/www.agrilion.com.tr\/index.php\/wp-json\/wp\/v2\/types\/product"}],"replies":[{"embeddable":true,"href":"https:\/\/www.agrilion.com.tr\/index.php\/wp-json\/wp\/v2\/comments?post=629"}],"wp:featuredmedia":[{"embeddable":true,"href":"https:\/\/www.agrilion.com.tr\/index.php\/wp-json\/wp\/v2\/media\/930"}],"wp:attachment":[{"href":"https:\/\/www.agrilion.com.tr\/index.php\/wp-json\/wp\/v2\/media?parent=629"}],"wp:term":[{"taxonomy":"product_brand","embeddable":true,"href":"https:\/\/www.agrilion.com.tr\/index.php\/wp-json\/wp\/v2\/product_brand?post=629"},{"taxonomy":"product_cat","embeddable":true,"href":"https:\/\/www.agrilion.com.tr\/index.php\/wp-json\/wp\/v2\/product_cat?post=629"},{"taxonomy":"product_tag","embeddable":true,"href":"https:\/\/www.agrilion.com.tr\/index.php\/wp-json\/wp\/v2\/product_tag?post=629"}],"curies":[{"name":"wp","href":"https:\/\/api.w.org\/{rel}","templated":true}]}}