{"id":621,"date":"2025-06-04T03:58:12","date_gmt":"2025-06-04T00:58:12","guid":{"rendered":"https:\/\/hasanguven.com\/?post_type=product&#038;p=621"},"modified":"2025-06-04T23:41:35","modified_gmt":"2025-06-04T20:41:35","slug":"ok-damlatici","status":"publish","type":"product","link":"https:\/\/www.agrilion.com.tr\/index.php\/urun\/ok-damlatici\/","title":{"rendered":"Ok Damlat\u0131c\u0131"},"content":{"rendered":"<div>\n<div>Maksimum \u00e7al\u0131\u015fma bas\u0131nc\u0131 1.2 bar\u2019d\u0131r. Sadece bitki k\u00f6k\u00fcne n\u00fcfus edecek \u015fekilde su verir. Anti drain sistemi ile drenaj<\/div>\n<div>ve t\u0131kanmay\u0131<\/div>\n<\/div>\n","protected":false},"excerpt":{"rendered":"<p>Maksimum \u00e7al\u0131\u015fma bas\u0131nc\u0131 1.2 bar\u2019d\u0131r. Sadece bitki k\u00f6k\u00fcne n\u00fcfus edecek \u015fekilde su verir. Anti drain sistemi ile drenaj ve t\u0131kanmay\u0131<\/p>\n","protected":false},"featured_media":623,"comment_status":"open","ping_status":"closed","template":"","meta":[],"product_brand":[],"product_cat":[28,17],"product_tag":[],"class_list":{"0":"post-621","1":"product","2":"type-product","3":"status-publish","4":"has-post-thumbnail","6":"product_cat-ozel-urunlerimiz","7":"product_cat-urunlerimiz","9":"first","10":"instock","11":"shipping-taxable","12":"product-type-simple"},"_links":{"self":[{"href":"https:\/\/www.agrilion.com.tr\/index.php\/wp-json\/wp\/v2\/product\/621","targetHints":{"allow":["GET"]}}],"collection":[{"href":"https:\/\/www.agrilion.com.tr\/index.php\/wp-json\/wp\/v2\/product"}],"about":[{"href":"https:\/\/www.agrilion.com.tr\/index.php\/wp-json\/wp\/v2\/types\/product"}],"replies":[{"embeddable":true,"href":"https:\/\/www.agrilion.com.tr\/index.php\/wp-json\/wp\/v2\/comments?post=621"}],"wp:featuredmedia":[{"embeddable":true,"href":"https:\/\/www.agrilion.com.tr\/index.php\/wp-json\/wp\/v2\/media\/623"}],"wp:attachment":[{"href":"https:\/\/www.agrilion.com.tr\/index.php\/wp-json\/wp\/v2\/media?parent=621"}],"wp:term":[{"taxonomy":"product_brand","embeddable":true,"href":"https:\/\/www.agrilion.com.tr\/index.php\/wp-json\/wp\/v2\/product_brand?post=621"},{"taxonomy":"product_cat","embeddable":true,"href":"https:\/\/www.agrilion.com.tr\/index.php\/wp-json\/wp\/v2\/product_cat?post=621"},{"taxonomy":"product_tag","embeddable":true,"href":"https:\/\/www.agrilion.com.tr\/index.php\/wp-json\/wp\/v2\/product_tag?post=621"}],"curies":[{"name":"wp","href":"https:\/\/api.w.org\/{rel}","templated":true}]}}