{"id":618,"date":"2025-06-04T03:52:48","date_gmt":"2025-06-04T00:52:48","guid":{"rendered":"https:\/\/hasanguven.com\/?post_type=product&#038;p=618"},"modified":"2025-06-04T23:42:41","modified_gmt":"2025-06-04T20:42:41","slug":"j-baston-destek","status":"publish","type":"product","link":"https:\/\/www.agrilion.com.tr\/index.php\/urun\/j-baston-destek\/","title":{"rendered":"J Baston Destek"},"content":{"rendered":"<p class=\"p1\"><span class=\"s2\"><b>J Baston Destek<\/b><\/span><\/p>\n<p>Kendi \u00fcretimimiz olan ve % 100 orijinal hammaddeden \u00fcretilen domates baston destekleri, domateslerin olgunla\u015fmalar\u0131 esnas\u0131nda onlar\u0131 besleyen ana dallara zarar vermesini engelleyerek ko\u015fullar\u0131n elverdi\u011fi maksimum olgunlu\u011fa ula\u015fmalar\u0131na yard\u0131mc\u0131 olmaktad\u0131r. Baston destekler sayesinde k\u0131r\u0131lmadan ve e\u011filmeden durmay\u0131 ba\u015faran dallar, \u00fczerlerinde bulunan domatesleri gerekti\u011fi \u015fekilde besleyecek ve hasat\u0131n tam olmas\u0131 gereken zaman i\u00e7erisinde ger\u00e7ekle\u015fmesini sa\u011flayacakt\u0131r. Kurulumlar\u0131 ve kald\u0131r\u0131lmalar\u0131 \u00e7ok kolay ve seri oldu\u011fu i\u00e7in \u00fcreticiye b\u00fcy\u00fck \u00f6l\u00e7\u00fcde zaman tasarrufu sa\u011flamaktad\u0131rlar.<br \/>\n<b>MODEL 1<\/b><br \/>\n\u00dcR\u00dcN \u00d6L\u00c7\u00dcS\u00dc : 12 cm<br \/>\nKOL\u0130 \u0130\u00c7ER\u0130\u011e\u0130 : 10.000 ADET<\/p>\n<p><b>MODEL 2<\/b><br \/>\n\u00dcR\u00dcN \u00d6L\u00c7\u00dcS\u00dc : 11 cm<br \/>\nKOL\u0130 \u0130\u00c7ER\u0130\u011e\u0130 : 20.000 ADET<\/p>\n<p><b>MODEL 2<\/b><br \/>\n\u00dcR\u00dcN \u00d6L\u00c7\u00dcS\u00dc : 9 cm<br \/>\nKOL\u0130 \u0130\u00c7ER\u0130\u011e\u0130 : 20.000 ADET<\/p>\n","protected":false},"excerpt":{"rendered":"<p>J Baston Destek Kendi \u00fcretimimiz olan ve % 100 orijinal hammaddeden \u00fcretilen domates baston destekleri, domateslerin olgunla\u015fmalar\u0131 esnas\u0131nda onlar\u0131 besleyen ana dallara zarar vermesini engelleyerek ko\u015fullar\u0131n elverdi\u011fi maksimum olgunlu\u011fa ula\u015fmalar\u0131na yard\u0131mc\u0131 olmaktad\u0131r. Baston destekler sayesinde k\u0131r\u0131lmadan ve e\u011filmeden durmay\u0131 ba\u015faran dallar, \u00fczerlerinde bulunan domatesleri gerekti\u011fi \u015fekilde besleyecek ve hasat\u0131n tam olmas\u0131 gereken zaman i\u00e7erisinde ger\u00e7ekle\u015fmesini [&hellip;]<\/p>\n","protected":false},"featured_media":619,"comment_status":"open","ping_status":"closed","template":"","meta":[],"product_brand":[],"product_cat":[26,17],"product_tag":[],"class_list":{"0":"post-618","1":"product","2":"type-product","3":"status-publish","4":"has-post-thumbnail","6":"product_cat-salkim-destek-urunleri","7":"product_cat-urunlerimiz","9":"first","10":"instock","11":"shipping-taxable","12":"product-type-simple"},"_links":{"self":[{"href":"https:\/\/www.agrilion.com.tr\/index.php\/wp-json\/wp\/v2\/product\/618","targetHints":{"allow":["GET"]}}],"collection":[{"href":"https:\/\/www.agrilion.com.tr\/index.php\/wp-json\/wp\/v2\/product"}],"about":[{"href":"https:\/\/www.agrilion.com.tr\/index.php\/wp-json\/wp\/v2\/types\/product"}],"replies":[{"embeddable":true,"href":"https:\/\/www.agrilion.com.tr\/index.php\/wp-json\/wp\/v2\/comments?post=618"}],"wp:featuredmedia":[{"embeddable":true,"href":"https:\/\/www.agrilion.com.tr\/index.php\/wp-json\/wp\/v2\/media\/619"}],"wp:attachment":[{"href":"https:\/\/www.agrilion.com.tr\/index.php\/wp-json\/wp\/v2\/media?parent=618"}],"wp:term":[{"taxonomy":"product_brand","embeddable":true,"href":"https:\/\/www.agrilion.com.tr\/index.php\/wp-json\/wp\/v2\/product_brand?post=618"},{"taxonomy":"product_cat","embeddable":true,"href":"https:\/\/www.agrilion.com.tr\/index.php\/wp-json\/wp\/v2\/product_cat?post=618"},{"taxonomy":"product_tag","embeddable":true,"href":"https:\/\/www.agrilion.com.tr\/index.php\/wp-json\/wp\/v2\/product_tag?post=618"}],"curies":[{"name":"wp","href":"https:\/\/api.w.org\/{rel}","templated":true}]}}