{"id":616,"date":"2025-06-04T03:51:17","date_gmt":"2025-06-04T00:51:17","guid":{"rendered":"https:\/\/hasanguven.com\/?post_type=product&#038;p=616"},"modified":"2025-06-05T12:12:28","modified_gmt":"2025-06-05T09:12:28","slug":"salkim-destek","status":"publish","type":"product","link":"https:\/\/www.agrilion.com.tr\/index.php\/urun\/salkim-destek\/","title":{"rendered":"Salk\u0131m Destek Spagetti (t\u0131rt\u0131l)"},"content":{"rendered":"<div>\n<div>Kendi \u00fcretimimiz olan ve % 100 orijinal hammaddeden \u00fcretilen, t\u0131rt\u0131l ya da makarna diye de tabir edilen domates salk\u0131m<\/div>\n<div>deste\u011fi, domates salk\u0131m\u0131na tak\u0131larak dal\u0131n k\u0131r\u0131lmas\u0131n\u0131 \u00f6nler<\/div>\n<ul>\n<li>3 Farkl\u0131 model mevcuttur.<\/li>\n<\/ul>\n<\/div>\n","protected":false},"excerpt":{"rendered":"<p>Kendi \u00fcretimimiz olan ve % 100 orijinal hammaddeden \u00fcretilen, t\u0131rt\u0131l ya da makarna diye de tabir edilen domates salk\u0131m deste\u011fi, domates salk\u0131m\u0131na tak\u0131larak dal\u0131n k\u0131r\u0131lmas\u0131n\u0131 \u00f6nler 3 Farkl\u0131 model mevcuttur.<\/p>\n","protected":false},"featured_media":617,"comment_status":"open","ping_status":"closed","template":"","meta":[],"product_brand":[],"product_cat":[26,17],"product_tag":[],"class_list":{"0":"post-616","1":"product","2":"type-product","3":"status-publish","4":"has-post-thumbnail","6":"product_cat-salkim-destek-urunleri","7":"product_cat-urunlerimiz","9":"first","10":"instock","11":"shipping-taxable","12":"product-type-simple"},"_links":{"self":[{"href":"https:\/\/www.agrilion.com.tr\/index.php\/wp-json\/wp\/v2\/product\/616","targetHints":{"allow":["GET"]}}],"collection":[{"href":"https:\/\/www.agrilion.com.tr\/index.php\/wp-json\/wp\/v2\/product"}],"about":[{"href":"https:\/\/www.agrilion.com.tr\/index.php\/wp-json\/wp\/v2\/types\/product"}],"replies":[{"embeddable":true,"href":"https:\/\/www.agrilion.com.tr\/index.php\/wp-json\/wp\/v2\/comments?post=616"}],"wp:featuredmedia":[{"embeddable":true,"href":"https:\/\/www.agrilion.com.tr\/index.php\/wp-json\/wp\/v2\/media\/617"}],"wp:attachment":[{"href":"https:\/\/www.agrilion.com.tr\/index.php\/wp-json\/wp\/v2\/media?parent=616"}],"wp:term":[{"taxonomy":"product_brand","embeddable":true,"href":"https:\/\/www.agrilion.com.tr\/index.php\/wp-json\/wp\/v2\/product_brand?post=616"},{"taxonomy":"product_cat","embeddable":true,"href":"https:\/\/www.agrilion.com.tr\/index.php\/wp-json\/wp\/v2\/product_cat?post=616"},{"taxonomy":"product_tag","embeddable":true,"href":"https:\/\/www.agrilion.com.tr\/index.php\/wp-json\/wp\/v2\/product_tag?post=616"}],"curies":[{"name":"wp","href":"https:\/\/api.w.org\/{rel}","templated":true}]}}