{"id":612,"date":"2025-06-04T03:48:58","date_gmt":"2025-06-04T00:48:58","guid":{"rendered":"https:\/\/hasanguven.com\/?post_type=product&#038;p=612"},"modified":"2025-06-05T12:06:50","modified_gmt":"2025-06-05T09:06:50","slug":"domates-klipsi","status":"publish","type":"product","link":"https:\/\/www.agrilion.com.tr\/index.php\/urun\/domates-klipsi\/","title":{"rendered":"Domates Klipsi"},"content":{"rendered":"<p>Kendi \u00fcretimimiz olan ve % 100 orijinal hammaddeden \u00fcretilen, t\u0131rt\u0131l ya da makarna diye de tabir edilen domates salk\u0131m deste\u011fi, domates salk\u0131m\u0131na tak\u0131larak dal\u0131n k\u0131r\u0131lmas\u0131n\u0131 \u00f6nler.<\/p>\n<p><b>\u00dcR\u00dcN \u00d6L\u00c7\u00dcS\u00dc:<\/b> 23-25-28 mm<br \/>\n<b>KOL\u0130 \u0130\u00c7ER\u0130\u011e\u0130:<\/b> 23-25 mm :\u00a0 10.000 ADET\u00a0 \u00a0 \u00a028 mm : 9.000 ADET<\/p>\n","protected":false},"excerpt":{"rendered":"<p>Kendi \u00fcretimimiz olan ve % 100 orijinal hammaddeden \u00fcretilen, t\u0131rt\u0131l ya da makarna diye de tabir edilen domates salk\u0131m deste\u011fi, domates salk\u0131m\u0131na tak\u0131larak dal\u0131n k\u0131r\u0131lmas\u0131n\u0131 \u00f6nler. \u00dcR\u00dcN \u00d6L\u00c7\u00dcS\u00dc: 23-25-28 mm KOL\u0130 \u0130\u00c7ER\u0130\u011e\u0130: 23-25 mm :\u00a0 10.000 ADET\u00a0 \u00a0 \u00a028 mm : 9.000 ADET<\/p>\n","protected":false},"featured_media":782,"comment_status":"open","ping_status":"closed","template":"","meta":[],"product_brand":[],"product_cat":[26,17],"product_tag":[],"class_list":{"0":"post-612","1":"product","2":"type-product","3":"status-publish","4":"has-post-thumbnail","6":"product_cat-salkim-destek-urunleri","7":"product_cat-urunlerimiz","9":"first","10":"instock","11":"shipping-taxable","12":"product-type-simple"},"_links":{"self":[{"href":"https:\/\/www.agrilion.com.tr\/index.php\/wp-json\/wp\/v2\/product\/612","targetHints":{"allow":["GET"]}}],"collection":[{"href":"https:\/\/www.agrilion.com.tr\/index.php\/wp-json\/wp\/v2\/product"}],"about":[{"href":"https:\/\/www.agrilion.com.tr\/index.php\/wp-json\/wp\/v2\/types\/product"}],"replies":[{"embeddable":true,"href":"https:\/\/www.agrilion.com.tr\/index.php\/wp-json\/wp\/v2\/comments?post=612"}],"wp:featuredmedia":[{"embeddable":true,"href":"https:\/\/www.agrilion.com.tr\/index.php\/wp-json\/wp\/v2\/media\/782"}],"wp:attachment":[{"href":"https:\/\/www.agrilion.com.tr\/index.php\/wp-json\/wp\/v2\/media?parent=612"}],"wp:term":[{"taxonomy":"product_brand","embeddable":true,"href":"https:\/\/www.agrilion.com.tr\/index.php\/wp-json\/wp\/v2\/product_brand?post=612"},{"taxonomy":"product_cat","embeddable":true,"href":"https:\/\/www.agrilion.com.tr\/index.php\/wp-json\/wp\/v2\/product_cat?post=612"},{"taxonomy":"product_tag","embeddable":true,"href":"https:\/\/www.agrilion.com.tr\/index.php\/wp-json\/wp\/v2\/product_tag?post=612"}],"curies":[{"name":"wp","href":"https:\/\/api.w.org\/{rel}","templated":true}]}}