{"id":606,"date":"2025-06-04T03:42:59","date_gmt":"2025-06-04T00:42:59","guid":{"rendered":"https:\/\/hasanguven.com\/?post_type=product&#038;p=606"},"modified":"2025-06-04T23:43:28","modified_gmt":"2025-06-04T20:43:28","slug":"dolu-net","status":"publish","type":"product","link":"https:\/\/www.agrilion.com.tr\/index.php\/urun\/dolu-net\/","title":{"rendered":"Dolu Net"},"content":{"rendered":"<p>Meyve bah\u00e7elerinde g\u00f6r\u00fclen ve \u00fcr\u00fcnde de\u011fer kayb\u0131na yol a\u00e7an g\u00fcne\u015f yan\u0131\u011f\u0131 ve \/ veya dolunun verdi\u011fi zarar\u0131 \u00f6nlemek amac\u0131yla kullan\u0131lmaktad\u0131r.<br \/>\n\u0130n\u015faatlarda, limanlarda, otoparklarda ve spor alanlar\u0131nda koruma filesi olarak kullan\u0131lmaktad\u0131r.<br \/>\nKuma\u015f\u0131n tam ortas\u0131 ve iki kenar\u0131ndan y\u0131rt\u0131lmay\u0131 ve y\u0131pranmay\u0131 \u00f6nlemek amac\u0131yla takviyelidir.<br \/>\n\u0130ste\u011fe ba\u011fl\u0131 olarak Kenar takviyelerinin oldu\u011fu yerlerde ba\u011flama delikleri yap\u0131labilir.<br \/>\nOptimal d\u00fczeyde hava ge\u00e7i\u015fini sa\u011flar.<\/p>\n","protected":false},"excerpt":{"rendered":"<p>Meyve bah\u00e7elerinde g\u00f6r\u00fclen ve \u00fcr\u00fcnde de\u011fer kayb\u0131na yol a\u00e7an g\u00fcne\u015f yan\u0131\u011f\u0131 ve \/ veya dolunun verdi\u011fi zarar\u0131 \u00f6nlemek amac\u0131yla kullan\u0131lmaktad\u0131r. \u0130n\u015faatlarda, limanlarda, otoparklarda ve spor alanlar\u0131nda koruma filesi olarak kullan\u0131lmaktad\u0131r. Kuma\u015f\u0131n tam ortas\u0131 ve iki kenar\u0131ndan y\u0131rt\u0131lmay\u0131 ve y\u0131pranmay\u0131 \u00f6nlemek amac\u0131yla takviyelidir. \u0130ste\u011fe ba\u011fl\u0131 olarak Kenar takviyelerinin oldu\u011fu yerlerde ba\u011flama delikleri yap\u0131labilir. Optimal d\u00fczeyde hava [&hellip;]<\/p>\n","protected":false},"featured_media":607,"comment_status":"open","ping_status":"closed","template":"","meta":[],"product_brand":[],"product_cat":[30,17],"product_tag":[],"class_list":{"0":"post-606","1":"product","2":"type-product","3":"status-publish","4":"has-post-thumbnail","6":"product_cat-sinek-tulleri","7":"product_cat-urunlerimiz","9":"first","10":"instock","11":"shipping-taxable","12":"product-type-simple"},"_links":{"self":[{"href":"https:\/\/www.agrilion.com.tr\/index.php\/wp-json\/wp\/v2\/product\/606","targetHints":{"allow":["GET"]}}],"collection":[{"href":"https:\/\/www.agrilion.com.tr\/index.php\/wp-json\/wp\/v2\/product"}],"about":[{"href":"https:\/\/www.agrilion.com.tr\/index.php\/wp-json\/wp\/v2\/types\/product"}],"replies":[{"embeddable":true,"href":"https:\/\/www.agrilion.com.tr\/index.php\/wp-json\/wp\/v2\/comments?post=606"}],"wp:featuredmedia":[{"embeddable":true,"href":"https:\/\/www.agrilion.com.tr\/index.php\/wp-json\/wp\/v2\/media\/607"}],"wp:attachment":[{"href":"https:\/\/www.agrilion.com.tr\/index.php\/wp-json\/wp\/v2\/media?parent=606"}],"wp:term":[{"taxonomy":"product_brand","embeddable":true,"href":"https:\/\/www.agrilion.com.tr\/index.php\/wp-json\/wp\/v2\/product_brand?post=606"},{"taxonomy":"product_cat","embeddable":true,"href":"https:\/\/www.agrilion.com.tr\/index.php\/wp-json\/wp\/v2\/product_cat?post=606"},{"taxonomy":"product_tag","embeddable":true,"href":"https:\/\/www.agrilion.com.tr\/index.php\/wp-json\/wp\/v2\/product_tag?post=606"}],"curies":[{"name":"wp","href":"https:\/\/api.w.org\/{rel}","templated":true}]}}